{"id":6,"date":"2026-03-23T07:23:35","date_gmt":"2026-03-23T07:23:35","guid":{"rendered":"https:\/\/cahier2techno.fr\/index.php\/accueil\/"},"modified":"2026-03-23T08:42:14","modified_gmt":"2026-03-23T08:42:14","slug":"accueil","status":"publish","type":"page","link":"https:\/\/cahier2techno.fr\/","title":{"rendered":"Cahier2techno.fr &#8211; Coll\u00e8ge Albert debeyre &#8211; Beuvry"},"content":{"rendered":"<p>J&rsquo;ai voulu ce site pour donner un moyen aux \u00e9l\u00e8ves de mettre \u00e0 jour leur cours, et en vue aussi de se tenir \u00e0 jour de ce que nous avons fait au total.<\/p>\n<p>Vous y retrouverez donc tout ce que nous avons fait, au fur et \u00e0 mesure de notre avancement. Vous avez donc en haut de ce site, un menu qui vous guidera vers ce qui vous manque.<\/p>\n<p>Je reste toujours \u00e0 votre disposition afin d&rsquo;apporter les informations qui vous manquent.<\/p>\n<p>https:\/\/scratch.mit.edu\/projects\/705129187<\/p>\n<p><img loading=\"lazy\" decoding=\"async\" class=\"wp-image-78 size-full\" title=\"large 1\" src=\"https:\/\/cahier2techno.fr\/wp-content\/uploads\/2026\/03\/large-1.jpg\" alt=\"large 1\" width=\"1600\" height=\"984\" srcset=\"https:\/\/cahier2techno.fr\/wp-content\/uploads\/2026\/03\/large-1.jpg 1600w, https:\/\/cahier2techno.fr\/wp-content\/uploads\/2026\/03\/large-1-300x185.jpg 300w, https:\/\/cahier2techno.fr\/wp-content\/uploads\/2026\/03\/large-1-1024x630.jpg 1024w\" sizes=\"auto, (max-width: 1600px) 100vw, 1600px\" \/><\/p>\n","protected":false},"excerpt":{"rendered":"<p>J&rsquo;ai voulu ce site pour donner un moyen aux \u00e9l\u00e8ves de mettre \u00e0 jour leur cours, et en vue aussi de se tenir \u00e0 jour de ce que nous avons fait au total. Vous y retrouverez donc tout ce que nous avons fait, au fur et \u00e0 mesure de notre avancement. Vous avez donc en &hellip; <\/p>\n<p class=\"link-more\"><a href=\"https:\/\/cahier2techno.fr\/\" class=\"more-link\">Lire la suite de<span class=\"screen-reader-text\">\u00ab\u00a0Cahier2techno.fr &#8211; Coll\u00e8ge Albert debeyre &#8211; Beuvry\u00a0\u00bb<\/span><\/a><\/p>\n","protected":false},"author":1,"featured_media":0,"parent":0,"menu_order":0,"comment_status":"closed","ping_status":"closed","template":"","meta":{"pagelayer_contact_templates":[],"_pagelayer_content":"","inspiro_hide_title":false,"footnotes":""},"class_list":["post-6","page","type-page","status-publish","hentry"],"yoast_head":"<!-- This site is optimized with the Yoast SEO plugin v27.2 - https:\/\/yoast.com\/product\/yoast-seo-wordpress\/ -->\n<title>Cahier2techno.fr \u2013 Coll\u00e8ge Albert debeyre \u2013 Beuvry<\/title>\n<meta name=\"description\" content=\"J\u2019ai voulu ce site pour donner un moyen aux \u00e9l\u00e8ves de mettre \u00e0 jour leur cours, et en vue aussi de se tenir \u00e0 jour de ce que nous avons fait au total. Vous y retrouverez donc tout ce que nous avons fait, au fur et \u00e0 mesure de notre avancement. Vous avez donc en\u2026\" \/>\n<meta name=\"robots\" content=\"index, follow, max-snippet:-1, max-image-preview:large, max-video-preview:-1\" \/>\n<link rel=\"canonical\" href=\"https:\/\/cahier2techno.fr\/\" \/>\n<meta property=\"og:locale\" content=\"fr_FR\" \/>\n<meta property=\"og:type\" content=\"article\" \/>\n<meta property=\"og:title\" content=\"Cahier2techno.fr \u2013 Coll\u00e8ge Albert debeyre \u2013 Beuvry\" \/>\n<meta property=\"og:description\" content=\"J\u2019ai voulu ce site pour donner un moyen aux \u00e9l\u00e8ves de mettre \u00e0 jour leur cours, et en vue aussi de se tenir \u00e0 jour de ce que nous avons fait au total. Vous y retrouverez donc tout ce que nous avons fait, au fur et \u00e0 mesure de notre avancement. Vous avez donc en\u2026\" \/>\n<meta property=\"og:url\" content=\"https:\/\/cahier2techno.fr\/\" \/>\n<meta property=\"og:site_name\" content=\"Cahier2techno.fr\" \/>\n<meta property=\"article:modified_time\" content=\"2026-03-23T08:42:14+00:00\" \/>\n<meta property=\"og:image\" content=\"https:\/\/cahier2techno.fr\/wp-content\/uploads\/2026\/03\/large-1.jpg\" \/>\n\t<meta property=\"og:image:width\" content=\"1600\" \/>\n\t<meta property=\"og:image:height\" content=\"984\" \/>\n\t<meta property=\"og:image:type\" content=\"image\/jpeg\" \/>\n<meta name=\"twitter:card\" content=\"summary_large_image\" \/>\n<meta name=\"twitter:label1\" content=\"Dur\u00e9e de lecture estim\u00e9e\" \/>\n\t<meta name=\"twitter:data1\" content=\"1 minute\" \/>\n<script type=\"application\/ld+json\" class=\"yoast-schema-graph\">{\"@context\":\"https:\/\/schema.org\",\"@graph\":[{\"@type\":\"WebPage\",\"@id\":\"https:\/\/cahier2techno.fr\/\",\"url\":\"https:\/\/cahier2techno.fr\/\",\"name\":\"Cahier2techno.fr \u2013 Coll\u00e8ge Albert debeyre \u2013 Beuvry\",\"isPartOf\":{\"@id\":\"https:\/\/cahier2techno.fr\/#website\"},\"primaryImageOfPage\":{\"@id\":\"https:\/\/cahier2techno.fr\/#primaryimage\"},\"image\":{\"@id\":\"https:\/\/cahier2techno.fr\/#primaryimage\"},\"thumbnailUrl\":\"https:\/\/cahier2techno.fr\/wp-content\/uploads\/2026\/03\/large-1.jpg\",\"datePublished\":\"2026-03-23T07:23:35+00:00\",\"dateModified\":\"2026-03-23T08:42:14+00:00\",\"description\":\"J\u2019ai voulu ce site pour donner un moyen aux \u00e9l\u00e8ves de mettre \u00e0 jour leur cours, et en vue aussi de se tenir \u00e0 jour de ce que nous avons fait au total. Vous y retrouverez donc tout ce que nous avons fait, au fur et \u00e0 mesure de notre avancement. Vous avez donc en\u2026\",\"breadcrumb\":{\"@id\":\"https:\/\/cahier2techno.fr\/#breadcrumb\"},\"inLanguage\":\"fr-FR\",\"potentialAction\":[{\"@type\":\"ReadAction\",\"target\":[\"https:\/\/cahier2techno.fr\/\"]}]},{\"@type\":\"ImageObject\",\"inLanguage\":\"fr-FR\",\"@id\":\"https:\/\/cahier2techno.fr\/#primaryimage\",\"url\":\"https:\/\/cahier2techno.fr\/wp-content\/uploads\/2026\/03\/large-1.jpg\",\"contentUrl\":\"https:\/\/cahier2techno.fr\/wp-content\/uploads\/2026\/03\/large-1.jpg\",\"width\":1600,\"height\":984,\"caption\":\"large 1\"},{\"@type\":\"BreadcrumbList\",\"@id\":\"https:\/\/cahier2techno.fr\/#breadcrumb\",\"itemListElement\":[{\"@type\":\"ListItem\",\"position\":1,\"name\":\"Accueil\",\"item\":\"https:\/\/cahier2techno.fr\/\"},{\"@type\":\"ListItem\",\"position\":2,\"name\":\"Cahier2techno.fr &#8211; Coll\u00e8ge Albert debeyre &#8211; Beuvry\"}]},{\"@type\":\"WebSite\",\"@id\":\"https:\/\/cahier2techno.fr\/#website\",\"url\":\"https:\/\/cahier2techno.fr\/\",\"name\":\"Cahier2techno.fr\",\"description\":\"Coll\u00e8ge Albert Debeyre \u2013 Beuvry \u2013 Cours de technologie\",\"potentialAction\":[{\"@type\":\"SearchAction\",\"target\":{\"@type\":\"EntryPoint\",\"urlTemplate\":\"https:\/\/cahier2techno.fr\/?s={search_term_string}\"},\"query-input\":{\"@type\":\"PropertyValueSpecification\",\"valueRequired\":true,\"valueName\":\"search_term_string\"}}],\"inLanguage\":\"fr-FR\"}]}<\/script>\n<!-- \/ Yoast SEO plugin. -->","yoast_head_json":{"title":"Cahier2techno.fr \u2013 Coll\u00e8ge Albert debeyre \u2013 Beuvry","description":"J\u2019ai voulu ce site pour donner un moyen aux \u00e9l\u00e8ves de mettre \u00e0 jour leur cours, et en vue aussi de se tenir \u00e0 jour de ce que nous avons fait au total. Vous y retrouverez donc tout ce que nous avons fait, au fur et \u00e0 mesure de notre avancement. Vous avez donc en\u2026","robots":{"index":"index","follow":"follow","max-snippet":"max-snippet:-1","max-image-preview":"max-image-preview:large","max-video-preview":"max-video-preview:-1"},"canonical":"https:\/\/cahier2techno.fr\/","og_locale":"fr_FR","og_type":"article","og_title":"Cahier2techno.fr \u2013 Coll\u00e8ge Albert debeyre \u2013 Beuvry","og_description":"J\u2019ai voulu ce site pour donner un moyen aux \u00e9l\u00e8ves de mettre \u00e0 jour leur cours, et en vue aussi de se tenir \u00e0 jour de ce que nous avons fait au total. Vous y retrouverez donc tout ce que nous avons fait, au fur et \u00e0 mesure de notre avancement. Vous avez donc en\u2026","og_url":"https:\/\/cahier2techno.fr\/","og_site_name":"Cahier2techno.fr","article_modified_time":"2026-03-23T08:42:14+00:00","og_image":[{"width":1600,"height":984,"url":"https:\/\/cahier2techno.fr\/wp-content\/uploads\/2026\/03\/large-1.jpg","type":"image\/jpeg"}],"twitter_card":"summary_large_image","twitter_misc":{"Dur\u00e9e de lecture estim\u00e9e":"1 minute"},"schema":{"@context":"https:\/\/schema.org","@graph":[{"@type":"WebPage","@id":"https:\/\/cahier2techno.fr\/","url":"https:\/\/cahier2techno.fr\/","name":"Cahier2techno.fr \u2013 Coll\u00e8ge Albert debeyre \u2013 Beuvry","isPartOf":{"@id":"https:\/\/cahier2techno.fr\/#website"},"primaryImageOfPage":{"@id":"https:\/\/cahier2techno.fr\/#primaryimage"},"image":{"@id":"https:\/\/cahier2techno.fr\/#primaryimage"},"thumbnailUrl":"https:\/\/cahier2techno.fr\/wp-content\/uploads\/2026\/03\/large-1.jpg","datePublished":"2026-03-23T07:23:35+00:00","dateModified":"2026-03-23T08:42:14+00:00","description":"J\u2019ai voulu ce site pour donner un moyen aux \u00e9l\u00e8ves de mettre \u00e0 jour leur cours, et en vue aussi de se tenir \u00e0 jour de ce que nous avons fait au total. Vous y retrouverez donc tout ce que nous avons fait, au fur et \u00e0 mesure de notre avancement. Vous avez donc en\u2026","breadcrumb":{"@id":"https:\/\/cahier2techno.fr\/#breadcrumb"},"inLanguage":"fr-FR","potentialAction":[{"@type":"ReadAction","target":["https:\/\/cahier2techno.fr\/"]}]},{"@type":"ImageObject","inLanguage":"fr-FR","@id":"https:\/\/cahier2techno.fr\/#primaryimage","url":"https:\/\/cahier2techno.fr\/wp-content\/uploads\/2026\/03\/large-1.jpg","contentUrl":"https:\/\/cahier2techno.fr\/wp-content\/uploads\/2026\/03\/large-1.jpg","width":1600,"height":984,"caption":"large 1"},{"@type":"BreadcrumbList","@id":"https:\/\/cahier2techno.fr\/#breadcrumb","itemListElement":[{"@type":"ListItem","position":1,"name":"Accueil","item":"https:\/\/cahier2techno.fr\/"},{"@type":"ListItem","position":2,"name":"Cahier2techno.fr &#8211; Coll\u00e8ge Albert debeyre &#8211; Beuvry"}]},{"@type":"WebSite","@id":"https:\/\/cahier2techno.fr\/#website","url":"https:\/\/cahier2techno.fr\/","name":"Cahier2techno.fr","description":"Coll\u00e8ge Albert Debeyre \u2013 Beuvry \u2013 Cours de technologie","potentialAction":[{"@type":"SearchAction","target":{"@type":"EntryPoint","urlTemplate":"https:\/\/cahier2techno.fr\/?s={search_term_string}"},"query-input":{"@type":"PropertyValueSpecification","valueRequired":true,"valueName":"search_term_string"}}],"inLanguage":"fr-FR"}]}},"_links":{"self":[{"href":"https:\/\/cahier2techno.fr\/index.php\/wp-json\/wp\/v2\/pages\/6","targetHints":{"allow":["GET"]}}],"collection":[{"href":"https:\/\/cahier2techno.fr\/index.php\/wp-json\/wp\/v2\/pages"}],"about":[{"href":"https:\/\/cahier2techno.fr\/index.php\/wp-json\/wp\/v2\/types\/page"}],"author":[{"embeddable":true,"href":"https:\/\/cahier2techno.fr\/index.php\/wp-json\/wp\/v2\/users\/1"}],"replies":[{"embeddable":true,"href":"https:\/\/cahier2techno.fr\/index.php\/wp-json\/wp\/v2\/comments?post=6"}],"version-history":[{"count":3,"href":"https:\/\/cahier2techno.fr\/index.php\/wp-json\/wp\/v2\/pages\/6\/revisions"}],"predecessor-version":[{"id":80,"href":"https:\/\/cahier2techno.fr\/index.php\/wp-json\/wp\/v2\/pages\/6\/revisions\/80"}],"wp:attachment":[{"href":"https:\/\/cahier2techno.fr\/index.php\/wp-json\/wp\/v2\/media?parent=6"}],"curies":[{"name":"wp","href":"https:\/\/api.w.org\/{rel}","templated":true}]}}